{"id":802,"date":"2020-12-21T07:38:58","date_gmt":"2020-12-21T07:38:58","guid":{"rendered":"http:\/\/mainstreammedia.ch\/?page_id=802"},"modified":"2026-04-15T21:13:23","modified_gmt":"2026-04-15T19:13:23","slug":"home","status":"publish","type":"page","link":"http:\/\/mainstreammedia.ch\/","title":{"rendered":"Home"},"content":{"rendered":"<h1>main<br \/>\nstream<br \/>\nmedia<\/h1>\n<h4>Von der Idee zur Realit\u00e4t<\/h4>\n<p>Sie haben die Idee, wir das Handwerk. Gemeinsam verwandeln wir Ihre Vorstellungen in bewegte Bilder, die ber\u00fchren, informieren und begeistern.<\/p>\n<p><img loading=\"lazy\" decoding=\"async\" src=\"http:\/\/mainstreammedia.ch\/wp-content\/uploads\/2023\/09\/230618_villarepos-2-of-37Kopf_cut-768x784.png\" sizes=\"auto, (max-width: 768px) 100vw, 768px\" srcset=\"http:\/\/mainstreammedia.ch\/wp-content\/uploads\/2023\/09\/230618_villarepos-2-of-37Kopf_cut-768x784.png 768w, http:\/\/mainstreammedia.ch\/wp-content\/uploads\/2023\/09\/230618_villarepos-2-of-37Kopf_cut-294x300.png 294w, http:\/\/mainstreammedia.ch\/wp-content\/uploads\/2023\/09\/230618_villarepos-2-of-37Kopf_cut-1003x1024.png 1003w, http:\/\/mainstreammedia.ch\/wp-content\/uploads\/2023\/09\/230618_villarepos-2-of-37Kopf_cut-1504x1536.png 1504w, http:\/\/mainstreammedia.ch\/wp-content\/uploads\/2023\/09\/230618_villarepos-2-of-37Kopf_cut-2005x2048.png 2005w\" alt=\"\" width=\"768\" height=\"784\" \/><br \/>\n<img loading=\"lazy\" decoding=\"async\" src=\"http:\/\/mainstreammedia.ch\/wp-content\/uploads\/2020\/12\/vlogger-template-hero-img-mobile.png\" sizes=\"auto, (max-width: 400px) 100vw, 400px\" srcset=\"http:\/\/mainstreammedia.ch\/wp-content\/uploads\/2020\/12\/vlogger-template-hero-img-mobile.png 400w, http:\/\/mainstreammedia.ch\/wp-content\/uploads\/2020\/12\/vlogger-template-hero-img-mobile-300x231.png 300w\" alt=\"\" width=\"400\" height=\"308\" \/><\/p>\n<h3>Ihre Vision, unserAuftrag: Perfektion in Bewegung<\/h3>\n<p>Projektumsetzung:\u00a0Von der Konzeption bis zur finalen Umsetzung \u2013 wir begleiten Sie bei jedem Schritt. Jedes Projekt ist einzigartig, und unser Anspruch ist es, genau das in jedem Video sichtbar zu machen.<\/p>\n<p><strong>Videoproduktion:<\/strong> Jedes Projekt beginnt mit einer Idee. Unsere Aufgabe ist es, diese Idee zu visualisieren und Wirklichkeit werden zu lassen. Mit modernster Technik, kreativem Know-how und einer Passion f\u00fcrs Detail setzen wir Ihre Visionen professionell in Szene.<\/p>\n<p><strong>Livestreams:<\/strong> Echtzeit-Kommunikation wie nie zuvor. Ob Events, Konferenzen oder pers\u00f6nliche Meilensteine \u2013 wir bringen Ihre Momente live auf die Bildschirme Ihrer Zielgruppe. Mit h\u00f6chster Qualit\u00e4t, Zuverl\u00e4ssigkeit und ohne Kompromisse.<\/p>\n<h3>Wer wir sind<\/h3>\n<p>Seit 2018 haben wir uns der Kunst der Videoproduktion und des Livestreamings verschrieben. Unser Herz schl\u00e4gt besonders f\u00fcr Themen rund um Architektur und Stadtentwicklung. In einer sich st\u00e4ndig wandelnden Welt sind Geb\u00e4ude und st\u00e4dtische Landschaften Zeugen des kulturellen, sozialen und technologischen Fortschritts. Wir sind stolz darauf, diesen Fortschritt mit unserer Arbeit festzuhalten und einem breiten Publikum zug\u00e4nglich zu machen.<\/p>\n<p><strong>J\u00f6rg Sovinz<\/strong> ist das technische Genie hinter unseren Produktionen. Von der Konzeption \u00fcber die Technik bis hin zur Kameraf\u00fchrung und Ton \u2013 J\u00f6rg hat alles im Griff. Mit seiner Expertise als Drohnenpilot erweitert er unsere Perspektiven und bringt unsere Produktionen auf ein ganz neues Level.<\/p>\n<p><img loading=\"lazy\" decoding=\"async\" src=\"http:\/\/mainstreammedia.ch\/wp-content\/uploads\/2023\/09\/Joerg_mitHintergrund.jpg\" sizes=\"auto, (max-width: 782px) 100vw, 782px\" srcset=\"http:\/\/mainstreammedia.ch\/wp-content\/uploads\/2023\/09\/Joerg_mitHintergrund.jpg 782w, http:\/\/mainstreammedia.ch\/wp-content\/uploads\/2023\/09\/Joerg_mitHintergrund-300x300.jpg 300w, http:\/\/mainstreammedia.ch\/wp-content\/uploads\/2023\/09\/Joerg_mitHintergrund-150x150.jpg 150w, http:\/\/mainstreammedia.ch\/wp-content\/uploads\/2023\/09\/Joerg_mitHintergrund-768x768.jpg 768w\" alt=\"\" width=\"782\" height=\"782\" \/><\/p>\n<h5>Kunden<\/h5>\n<p><a href=\"https:\/\/www.stadt-zuerich.ch\/\"><br \/>\n<img loading=\"lazy\" decoding=\"async\" src=\"http:\/\/mainstreammedia.ch\/wp-content\/uploads\/2023\/06\/stadt-zuerich-logo.png\" sizes=\"auto, (max-width: 900px) 100vw, 900px\" srcset=\"http:\/\/mainstreammedia.ch\/wp-content\/uploads\/2023\/06\/stadt-zuerich-logo.png 900w, http:\/\/mainstreammedia.ch\/wp-content\/uploads\/2023\/06\/stadt-zuerich-logo-300x167.png 300w, http:\/\/mainstreammedia.ch\/wp-content\/uploads\/2023\/06\/stadt-zuerich-logo-768x427.png 768w\" alt=\"\" width=\"900\" height=\"500\" \/> <\/a><br \/>\n<a href=\"https:\/\/www.sam-basel.org\/\"><br \/>\n<img decoding=\"async\" title=\"S AM\" src=\"http:\/\/mainstreammedia.ch\/wp-content\/uploads\/2023\/06\/S-AM.png\" alt=\"S AM\" \/> <\/a><br \/>\n<a href=\"https:\/\/www.bildung-und-begabung.de\/\"><br \/>\n<img decoding=\"async\" title=\"Bildung_&amp;_Begabung_logo_2021.svg\" src=\"http:\/\/mainstreammedia.ch\/wp-content\/uploads\/2023\/06\/Bildung__Begabung_logo_2021.svg.png\" alt=\"Bildung_&amp;_Begabung_logo_2021.svg\" \/> <\/a><br \/>\n<a href=\"http:\/\/bs.ch\"><br \/>\n<img loading=\"lazy\" decoding=\"async\" src=\"http:\/\/mainstreammedia.ch\/wp-content\/uploads\/2023\/06\/bs_logo.png\" sizes=\"auto, (max-width: 443px) 100vw, 443px\" srcset=\"http:\/\/mainstreammedia.ch\/wp-content\/uploads\/2023\/06\/bs_logo.png 443w, http:\/\/mainstreammedia.ch\/wp-content\/uploads\/2023\/06\/bs_logo-300x110.png 300w\" alt=\"\" width=\"443\" height=\"163\" \/> <\/a><br \/>\n<a href=\"https:\/\/www.vatvalve.com\/\"><br \/>\n<img loading=\"lazy\" decoding=\"async\" src=\"http:\/\/mainstreammedia.ch\/wp-content\/uploads\/2023\/06\/VAT_Group_Logo-1024x323.png\" sizes=\"auto, (max-width: 1024px) 100vw, 1024px\" srcset=\"http:\/\/mainstreammedia.ch\/wp-content\/uploads\/2023\/06\/VAT_Group_Logo-1024x323.png 1024w, http:\/\/mainstreammedia.ch\/wp-content\/uploads\/2023\/06\/VAT_Group_Logo-300x95.png 300w, http:\/\/mainstreammedia.ch\/wp-content\/uploads\/2023\/06\/VAT_Group_Logo-768x242.png 768w, http:\/\/mainstreammedia.ch\/wp-content\/uploads\/2023\/06\/VAT_Group_Logo-1536x484.png 1536w, http:\/\/mainstreammedia.ch\/wp-content\/uploads\/2023\/06\/VAT_Group_Logo-2048x646.png 2048w\" alt=\"\" width=\"1024\" height=\"323\" \/> <\/a><br \/>\n<a href=\"https:\/\/www.sonova.com\/\"><br \/>\n<img loading=\"lazy\" decoding=\"async\" src=\"http:\/\/mainstreammedia.ch\/wp-content\/uploads\/2023\/06\/sonova-logo.png\" sizes=\"auto, (max-width: 913px) 100vw, 913px\" srcset=\"http:\/\/mainstreammedia.ch\/wp-content\/uploads\/2023\/06\/sonova-logo.png 913w, http:\/\/mainstreammedia.ch\/wp-content\/uploads\/2023\/06\/sonova-logo-300x97.png 300w, http:\/\/mainstreammedia.ch\/wp-content\/uploads\/2023\/06\/sonova-logo-768x248.png 768w\" alt=\"\" width=\"913\" height=\"295\" \/> <\/a><br \/>\n<a href=\"https:\/\/www.uzh.ch\/\"><br \/>\n<img loading=\"lazy\" decoding=\"async\" src=\"http:\/\/mainstreammedia.ch\/wp-content\/uploads\/2023\/06\/UZH_logo.png\" sizes=\"auto, (max-width: 411px) 100vw, 411px\" srcset=\"http:\/\/mainstreammedia.ch\/wp-content\/uploads\/2023\/06\/UZH_logo.png 411w, http:\/\/mainstreammedia.ch\/wp-content\/uploads\/2023\/06\/UZH_logo-300x101.png 300w\" alt=\"\" width=\"411\" height=\"138\" \/> <\/a><br \/>\n<a href=\"https:\/\/ethz.ch\/\"><br \/>\n<img loading=\"lazy\" decoding=\"async\" src=\"http:\/\/mainstreammedia.ch\/wp-content\/uploads\/2023\/06\/ETH_Zuerich-1024x171.png\" sizes=\"auto, (max-width: 1024px) 100vw, 1024px\" srcset=\"http:\/\/mainstreammedia.ch\/wp-content\/uploads\/2023\/06\/ETH_Zuerich-1024x171.png 1024w, http:\/\/mainstreammedia.ch\/wp-content\/uploads\/2023\/06\/ETH_Zuerich-300x50.png 300w, http:\/\/mainstreammedia.ch\/wp-content\/uploads\/2023\/06\/ETH_Zuerich-768x128.png 768w, http:\/\/mainstreammedia.ch\/wp-content\/uploads\/2023\/06\/ETH_Zuerich-1536x256.png 1536w, http:\/\/mainstreammedia.ch\/wp-content\/uploads\/2023\/06\/ETH_Zuerich-2048x342.png 2048w\" alt=\"\" width=\"1024\" height=\"171\" \/> <\/a><br \/>\n<a href=\"https:\/\/www.six-group.com\/\"><br \/>\n<img loading=\"lazy\" decoding=\"async\" src=\"http:\/\/mainstreammedia.ch\/wp-content\/uploads\/2023\/06\/SIX_Swiss_Exchange-1024x154.png\" sizes=\"auto, (max-width: 1024px) 100vw, 1024px\" srcset=\"http:\/\/mainstreammedia.ch\/wp-content\/uploads\/2023\/06\/SIX_Swiss_Exchange-1024x154.png 1024w, http:\/\/mainstreammedia.ch\/wp-content\/uploads\/2023\/06\/SIX_Swiss_Exchange-300x45.png 300w, http:\/\/mainstreammedia.ch\/wp-content\/uploads\/2023\/06\/SIX_Swiss_Exchange-768x116.png 768w, http:\/\/mainstreammedia.ch\/wp-content\/uploads\/2023\/06\/SIX_Swiss_Exchange-1536x231.png 1536w, http:\/\/mainstreammedia.ch\/wp-content\/uploads\/2023\/06\/SIX_Swiss_Exchange-2048x308.png 2048w\" alt=\"\" width=\"1024\" height=\"154\" \/> <\/a><br \/>\n<a href=\"https:\/\/www.georgfischer.com\/\"><br \/>\n<img loading=\"lazy\" decoding=\"async\" src=\"http:\/\/mainstreammedia.ch\/wp-content\/uploads\/2023\/06\/Georg-Fischer-AG-logo.png\" sizes=\"auto, (max-width: 400px) 100vw, 400px\" srcset=\"http:\/\/mainstreammedia.ch\/wp-content\/uploads\/2023\/06\/Georg-Fischer-AG-logo.png 400w, http:\/\/mainstreammedia.ch\/wp-content\/uploads\/2023\/06\/Georg-Fischer-AG-logo-300x95.png 300w\" alt=\"\" width=\"400\" height=\"126\" \/> <\/a><\/p>\n<h2>Beispiele<\/h2>\n<p><a href=\"#\"><br \/>\n<\/a><br \/>\n<a href=\"#\"><br \/>\n<\/a><br \/>\n<a href=\"#\"><br \/>\n<\/a><br \/>\n<img loading=\"lazy\" decoding=\"async\" src=\"http:\/\/mainstreammedia.ch\/wp-content\/uploads\/2020\/12\/vlogger-template-footer-img-1.png\" sizes=\"auto, (max-width: 400px) 100vw, 400px\" srcset=\"http:\/\/mainstreammedia.ch\/wp-content\/uploads\/2020\/12\/vlogger-template-footer-img-1.png 400w, http:\/\/mainstreammedia.ch\/wp-content\/uploads\/2020\/12\/vlogger-template-footer-img-1-122x300.png 122w\" alt=\"\" width=\"400\" height=\"980\" \/><\/p>\n<h6>01. Main Camera<\/h6>\n<h4>Canon C70<\/h4>\n<h6>02. Main Lens<\/h6>\n<h4>Canon RF 24-70<\/h4>\n<h6>03. Camera Gimbal<\/h6>\n<h4>DJI RS2<\/h4>\n<h3>I love to collaborate<br \/>\nand make awesome<br \/>\ncontent. Let\u2019s talk!<\/h3>\n<h6>Get In Touch<\/h6>\n<p><a role=\"button\" href=\"mailto:film@sovinz.ch\"><br \/>\nfilm@sovinz.ch<br \/>\n<\/a><br \/>\n<a role=\"button\" href=\"#\"><br \/>\nHier Klicken<br \/>\n<\/a><\/p>\n<ul>\n<li><\/li>\n<li>+41 76 724 34 12<\/li>\n<\/ul>\n<h6>Send Me a message<\/h6>\n<div class=\"wpforms-container \" id=\"wpforms-6\"><form id=\"wpforms-form-6\" class=\"wpforms-validate wpforms-form\" data-formid=\"6\" method=\"post\" enctype=\"multipart\/form-data\" action=\"\/index.php?rest_route=%2Fwp%2Fv2%2Fpages%2F802\" data-token=\"9ab71a86519f22fafe421412383cfee7\"><noscript class=\"wpforms-error-noscript\">Bitte aktiviere JavaScript in deinem Browser, um dieses Formular fertigzustellen.<\/noscript><div class=\"wpforms-field-container\"><div id=\"wpforms-6-field_0-container\" class=\"wpforms-field wpforms-field-name\" data-field-id=\"0\"><label class=\"wpforms-field-label wpforms-label-hide\" for=\"wpforms-6-field_0\">Name <span class=\"wpforms-required-label\">*<\/span><\/label><input type=\"text\" id=\"wpforms-6-field_0\" class=\"wpforms-field-large wpforms-field-required\" name=\"wpforms[fields][0]\" placeholder=\"Full name\" required><\/div><div id=\"wpforms-6-field_1-container\" class=\"wpforms-field wpforms-field-email\" data-field-id=\"1\"><label class=\"wpforms-field-label wpforms-label-hide\" for=\"wpforms-6-field_1\">Email <span class=\"wpforms-required-label\">*<\/span><\/label><input type=\"email\" id=\"wpforms-6-field_1\" class=\"wpforms-field-large wpforms-field-required\" name=\"wpforms[fields][1]\" placeholder=\"Email address\" spellcheck=\"false\" required><\/div><div id=\"wpforms-6-field_3-container\" class=\"wpforms-field wpforms-field-email\" data-field-id=\"3\"><label class=\"wpforms-field-label wpforms-label-hide\" for=\"wpforms-6-field_3\">Subject <span class=\"wpforms-required-label\">*<\/span><\/label><input type=\"email\" id=\"wpforms-6-field_3\" class=\"wpforms-field-large wpforms-field-required\" name=\"wpforms[fields][3]\" placeholder=\"Subject\" spellcheck=\"false\" required><\/div><div id=\"wpforms-6-field_2-container\" class=\"wpforms-field wpforms-field-textarea\" data-field-id=\"2\"><label class=\"wpforms-field-label wpforms-label-hide\" for=\"wpforms-6-field_2\">Comment or Message <span class=\"wpforms-required-label\">*<\/span><\/label><textarea id=\"wpforms-6-field_2\" class=\"wpforms-field-medium wpforms-field-required\" name=\"wpforms[fields][2]\" placeholder=\"Your message\" required><\/textarea><\/div><\/div><!-- .wpforms-field-container --><div class=\"wpforms-submit-container\" ><input type=\"hidden\" name=\"wpforms[id]\" value=\"6\"><input type=\"hidden\" name=\"wpforms[author]\" value=\"1\"><button type=\"submit\" name=\"wpforms[submit]\" id=\"wpforms-submit-6\" class=\"wpforms-submit\" data-alt-text=\"Sending...\" data-submit-text=\"Send Message\" aria-live=\"assertive\" value=\"wpforms-submit\">Send Message<\/button><\/div><\/form><\/div>  <!-- .wpforms-container -->\n","protected":false},"excerpt":{"rendered":"<p>main stream media Von der Idee zur Realit\u00e4t Sie haben die Idee, wir das Handwerk. Gemeinsam verwandeln wir Ihre Vorstellungen in bewegte Bilder, die ber\u00fchren, informieren und begeistern. Ihre Vision, unserAuftrag: Perfektion in Bewegung Projektumsetzung:\u00a0Von der Konzeption bis zur finalen Umsetzung \u2013 wir begleiten Sie bei jedem Schritt. Jedes Projekt ist einzigartig, und unser Anspruch &hellip;<\/p>\n<p class=\"read-more\"> <a class=\"\" href=\"http:\/\/mainstreammedia.ch\/\"> <span class=\"screen-reader-text\">Home<\/span> Weiterlesen &raquo;<\/a><\/p>\n","protected":false},"author":1,"featured_media":0,"parent":0,"menu_order":0,"comment_status":"closed","ping_status":"closed","template":"","meta":{"site-sidebar-layout":"no-sidebar","site-content-layout":"page-builder","ast-global-header-display":"","ast-main-header-display":"","ast-hfb-above-header-display":"","ast-hfb-below-header-display":"","ast-hfb-mobile-header-display":"","site-post-title":"disabled","ast-breadcrumbs-content":"","ast-featured-img":"disabled","footer-sml-layout":"","theme-transparent-header-meta":"enabled","adv-header-id-meta":"","stick-header-meta":"","header-above-stick-meta":"","header-main-stick-meta":"","header-below-stick-meta":"","footnotes":""},"class_list":["post-802","page","type-page","status-publish","hentry"],"yoast_head":"<!-- This site is optimized with the Yoast SEO plugin v20.8 - https:\/\/yoast.com\/wordpress\/plugins\/seo\/ -->\n<title>Home - mainstreammedia<\/title>\n<meta name=\"description\" content=\"Unsere Video- &amp; Livestreamproduktion umfassen alles von der Planung und Durchf\u00fchrung bis hin zur Nachbearbeitung und Ver\u00f6ffentlichung.\" \/>\n<meta name=\"robots\" content=\"index, follow, max-snippet:-1, max-image-preview:large, max-video-preview:-1\" \/>\n<link rel=\"canonical\" href=\"http:\/\/mainstreammedia.ch\/\" \/>\n<meta property=\"og:locale\" content=\"de_DE\" \/>\n<meta property=\"og:type\" content=\"article\" \/>\n<meta property=\"og:title\" content=\"Home - mainstreammedia\" \/>\n<meta property=\"og:description\" content=\"Unsere Video- &amp; Livestreamproduktion umfassen alles von der Planung und Durchf\u00fchrung bis hin zur Nachbearbeitung und Ver\u00f6ffentlichung.\" \/>\n<meta property=\"og:url\" content=\"http:\/\/mainstreammedia.ch\/\" \/>\n<meta property=\"og:site_name\" content=\"mainstreammedia\" \/>\n<meta property=\"article:publisher\" content=\"https:\/\/www.facebook.com\/mainstreammedia.ch\" \/>\n<meta property=\"article:modified_time\" content=\"2026-04-15T19:13:23+00:00\" \/>\n<meta property=\"og:image\" content=\"http:\/\/mainstreammedia.ch\/wp-content\/uploads\/2023\/09\/230618_villarepos-2-of-37Kopf_cut-768x784.png\" \/>\n<meta name=\"twitter:card\" content=\"summary_large_image\" \/>\n<meta name=\"twitter:label1\" content=\"Gesch\u00e4tzte Lesezeit\" \/>\n\t<meta name=\"twitter:data1\" content=\"5\u00a0Minuten\" \/>\n<script type=\"application\/ld+json\" class=\"yoast-schema-graph\">{\"@context\":\"https:\/\/schema.org\",\"@graph\":[{\"@type\":\"WebPage\",\"@id\":\"http:\/\/mainstreammedia.ch\/\",\"url\":\"http:\/\/mainstreammedia.ch\/\",\"name\":\"Home - mainstreammedia\",\"isPartOf\":{\"@id\":\"http:\/\/mainstreammedia.ch\/#website\"},\"datePublished\":\"2020-12-21T07:38:58+00:00\",\"dateModified\":\"2026-04-15T19:13:23+00:00\",\"description\":\"Unsere Video- & Livestreamproduktion umfassen alles von der Planung und Durchf\u00fchrung bis hin zur Nachbearbeitung und Ver\u00f6ffentlichung.\",\"breadcrumb\":{\"@id\":\"http:\/\/mainstreammedia.ch\/#breadcrumb\"},\"inLanguage\":\"de\",\"potentialAction\":[{\"@type\":\"ReadAction\",\"target\":[\"http:\/\/mainstreammedia.ch\/\"]}]},{\"@type\":\"BreadcrumbList\",\"@id\":\"http:\/\/mainstreammedia.ch\/#breadcrumb\",\"itemListElement\":[{\"@type\":\"ListItem\",\"position\":1,\"name\":\"Startseite\",\"item\":\"http:\/\/mainstreammedia.ch\/\"},{\"@type\":\"ListItem\",\"position\":2,\"name\":\"Home\"}]},{\"@type\":\"WebSite\",\"@id\":\"http:\/\/mainstreammedia.ch\/#website\",\"url\":\"http:\/\/mainstreammedia.ch\/\",\"name\":\"mainstreammedia\",\"description\":\"livestream und videoproduktion\",\"publisher\":{\"@id\":\"http:\/\/mainstreammedia.ch\/#organization\"},\"potentialAction\":[{\"@type\":\"SearchAction\",\"target\":{\"@type\":\"EntryPoint\",\"urlTemplate\":\"http:\/\/mainstreammedia.ch\/?s={search_term_string}\"},\"query-input\":\"required name=search_term_string\"}],\"inLanguage\":\"de\"},{\"@type\":\"Organization\",\"@id\":\"http:\/\/mainstreammedia.ch\/#organization\",\"name\":\"mainstreammedia\",\"url\":\"http:\/\/mainstreammedia.ch\/\",\"logo\":{\"@type\":\"ImageObject\",\"inLanguage\":\"de\",\"@id\":\"http:\/\/mainstreammedia.ch\/#\/schema\/logo\/image\/\",\"url\":\"http:\/\/mainstreammedia.ch\/wp-content\/uploads\/2023\/06\/Logo-ohne-Text.png\",\"contentUrl\":\"http:\/\/mainstreammedia.ch\/wp-content\/uploads\/2023\/06\/Logo-ohne-Text.png\",\"width\":757,\"height\":757,\"caption\":\"mainstreammedia\"},\"image\":{\"@id\":\"http:\/\/mainstreammedia.ch\/#\/schema\/logo\/image\/\"},\"sameAs\":[\"https:\/\/www.facebook.com\/mainstreammedia.ch\"]}]}<\/script>\n<!-- \/ Yoast SEO plugin. -->","yoast_head_json":{"title":"Home - mainstreammedia","description":"Unsere Video- & Livestreamproduktion umfassen alles von der Planung und Durchf\u00fchrung bis hin zur Nachbearbeitung und Ver\u00f6ffentlichung.","robots":{"index":"index","follow":"follow","max-snippet":"max-snippet:-1","max-image-preview":"max-image-preview:large","max-video-preview":"max-video-preview:-1"},"canonical":"http:\/\/mainstreammedia.ch\/","og_locale":"de_DE","og_type":"article","og_title":"Home - mainstreammedia","og_description":"Unsere Video- & Livestreamproduktion umfassen alles von der Planung und Durchf\u00fchrung bis hin zur Nachbearbeitung und Ver\u00f6ffentlichung.","og_url":"http:\/\/mainstreammedia.ch\/","og_site_name":"mainstreammedia","article_publisher":"https:\/\/www.facebook.com\/mainstreammedia.ch","article_modified_time":"2026-04-15T19:13:23+00:00","og_image":[{"url":"http:\/\/mainstreammedia.ch\/wp-content\/uploads\/2023\/09\/230618_villarepos-2-of-37Kopf_cut-768x784.png"}],"twitter_card":"summary_large_image","twitter_misc":{"Gesch\u00e4tzte Lesezeit":"5\u00a0Minuten"},"schema":{"@context":"https:\/\/schema.org","@graph":[{"@type":"WebPage","@id":"http:\/\/mainstreammedia.ch\/","url":"http:\/\/mainstreammedia.ch\/","name":"Home - mainstreammedia","isPartOf":{"@id":"http:\/\/mainstreammedia.ch\/#website"},"datePublished":"2020-12-21T07:38:58+00:00","dateModified":"2026-04-15T19:13:23+00:00","description":"Unsere Video- & Livestreamproduktion umfassen alles von der Planung und Durchf\u00fchrung bis hin zur Nachbearbeitung und Ver\u00f6ffentlichung.","breadcrumb":{"@id":"http:\/\/mainstreammedia.ch\/#breadcrumb"},"inLanguage":"de","potentialAction":[{"@type":"ReadAction","target":["http:\/\/mainstreammedia.ch\/"]}]},{"@type":"BreadcrumbList","@id":"http:\/\/mainstreammedia.ch\/#breadcrumb","itemListElement":[{"@type":"ListItem","position":1,"name":"Startseite","item":"http:\/\/mainstreammedia.ch\/"},{"@type":"ListItem","position":2,"name":"Home"}]},{"@type":"WebSite","@id":"http:\/\/mainstreammedia.ch\/#website","url":"http:\/\/mainstreammedia.ch\/","name":"mainstreammedia","description":"livestream und videoproduktion","publisher":{"@id":"http:\/\/mainstreammedia.ch\/#organization"},"potentialAction":[{"@type":"SearchAction","target":{"@type":"EntryPoint","urlTemplate":"http:\/\/mainstreammedia.ch\/?s={search_term_string}"},"query-input":"required name=search_term_string"}],"inLanguage":"de"},{"@type":"Organization","@id":"http:\/\/mainstreammedia.ch\/#organization","name":"mainstreammedia","url":"http:\/\/mainstreammedia.ch\/","logo":{"@type":"ImageObject","inLanguage":"de","@id":"http:\/\/mainstreammedia.ch\/#\/schema\/logo\/image\/","url":"http:\/\/mainstreammedia.ch\/wp-content\/uploads\/2023\/06\/Logo-ohne-Text.png","contentUrl":"http:\/\/mainstreammedia.ch\/wp-content\/uploads\/2023\/06\/Logo-ohne-Text.png","width":757,"height":757,"caption":"mainstreammedia"},"image":{"@id":"http:\/\/mainstreammedia.ch\/#\/schema\/logo\/image\/"},"sameAs":["https:\/\/www.facebook.com\/mainstreammedia.ch"]}]}},"_links":{"self":[{"href":"http:\/\/mainstreammedia.ch\/index.php?rest_route=\/wp\/v2\/pages\/802","targetHints":{"allow":["GET"]}}],"collection":[{"href":"http:\/\/mainstreammedia.ch\/index.php?rest_route=\/wp\/v2\/pages"}],"about":[{"href":"http:\/\/mainstreammedia.ch\/index.php?rest_route=\/wp\/v2\/types\/page"}],"author":[{"embeddable":true,"href":"http:\/\/mainstreammedia.ch\/index.php?rest_route=\/wp\/v2\/users\/1"}],"replies":[{"embeddable":true,"href":"http:\/\/mainstreammedia.ch\/index.php?rest_route=%2Fwp%2Fv2%2Fcomments&post=802"}],"version-history":[{"count":10,"href":"http:\/\/mainstreammedia.ch\/index.php?rest_route=\/wp\/v2\/pages\/802\/revisions"}],"predecessor-version":[{"id":961,"href":"http:\/\/mainstreammedia.ch\/index.php?rest_route=\/wp\/v2\/pages\/802\/revisions\/961"}],"wp:attachment":[{"href":"http:\/\/mainstreammedia.ch\/index.php?rest_route=%2Fwp%2Fv2%2Fmedia&parent=802"}],"curies":[{"name":"wp","href":"https:\/\/api.w.org\/{rel}","templated":true}]}}